{"id":3376,"date":"2022-02-24T12:40:21","date_gmt":"2022-02-24T12:40:21","guid":{"rendered":"https:\/\/pharma-expertise.com\/?page_id=3376"},"modified":"2022-11-04T17:32:08","modified_gmt":"2022-11-04T17:32:08","slug":"medical-devices-ce-marking-conformity-assessment","status":"publish","type":"page","link":"https:\/\/pharma-expertise.com\/en\/medical-devices-ce-marking-conformity-assessment\/","title":{"rendered":"CE Marking &#038; Conformity Assessment"},"content":{"rendered":"<p>[et_pb_section fb_built=&#8221;1&#8243; fullwidth=&#8221;on&#8221; _builder_version=&#8221;4.16&#8243; _module_preset=&#8221;default&#8221; global_colors_info=&#8221;{}&#8221;][et_pb_fullwidth_image src=&#8221;https:\/\/pharma-expertise.com\/wp-content\/uploads\/2021\/10\/top_pharma-medizinprodukte-min.jpg&#8221; alt=&#8221;Pharma &#038; Medizinprodukte&#8221; title_text=&#8221;Medizinprodukte&#8221; _builder_version=&#8221;4.18.1&#8243; _module_preset=&#8221;default&#8221; hover_enabled=&#8221;0&#8243; global_colors_info=&#8221;{}&#8221; sticky_enabled=&#8221;0&#8243;][\/et_pb_fullwidth_image][\/et_pb_section][et_pb_section fb_built=&#8221;1&#8243; _builder_version=&#8221;4.17.3&#8243; _module_preset=&#8221;default&#8221; global_colors_info=&#8221;{}&#8221;][et_pb_row _builder_version=&#8221;4.16&#8243; custom_margin=&#8221;||0px||false|false&#8221; custom_padding=&#8221;0px||0px||false|false&#8221; locked=&#8221;off&#8221; global_colors_info=&#8221;{}&#8221;][et_pb_column type=&#8221;4_4&#8243; _builder_version=&#8221;4.16&#8243; custom_padding=&#8221;|||&#8221; global_colors_info=&#8221;{}&#8221; custom_padding__hover=&#8221;|||&#8221;][et_pb_text _builder_version=&#8221;4.18.1&#8243; text_font=&#8221;||||||||&#8221; text_line_height=&#8221;2em&#8221; header_font=&#8221;Manrope|600|||||||&#8221; header_text_color=&#8221;#20292f&#8221; header_line_height=&#8221;1.4em&#8221; header_2_font=&#8221;Manrope|500||on|||||&#8221; header_2_text_color=&#8221;#193b7a&#8221; header_2_font_size=&#8221;14px&#8221; header_2_letter_spacing=&#8221;1px&#8221; header_2_line_height=&#8221;1.5em&#8221; header_3_font=&#8221;Manrope|500|||||||&#8221; header_3_font_size=&#8221;20px&#8221; header_3_line_height=&#8221;1.4em&#8221; custom_margin=&#8221;0px||0px||false|false&#8221; hover_enabled=&#8221;0&#8243; header_2_font_size_tablet=&#8221;42px&#8221; header_2_font_size_phone=&#8221;32px&#8221; header_2_font_size_last_edited=&#8221;off|desktop&#8221; header_3_font_size_tablet=&#8221;28px&#8221; header_3_font_size_phone=&#8221;20px&#8221; header_3_font_size_last_edited=&#8221;on|phone&#8221; locked=&#8221;off&#8221; global_colors_info=&#8221;{}&#8221; sticky_enabled=&#8221;0&#8243;]<\/p>\n<h2>Conformity assessment &amp; CE marking<\/h2>\n<h1>From the choice of the conformity assessment procedure to CE marking<\/h1>\n<p>[\/et_pb_text][et_pb_text _builder_version=&#8221;4.18.1&#8243; _module_preset=&#8221;default&#8221; text_font=&#8221;Manrope||||||||&#8221; header_font=&#8221;Manrope|600|||||||&#8221; custom_margin=&#8221;0px||||false|false&#8221; hover_enabled=&#8221;0&#8243; global_colors_info=&#8221;{}&#8221; sticky_enabled=&#8221;0&#8243;]<\/p>\n<p>Manufacturers in Europe must pass a conformity assessment procedure for the approval\/marking of their product. Depending on the medical device class (1-3), different <strong>conformity assessment procedures<\/strong> <strong>(quality management system QMS)<\/strong>\u00a0and a <strong>technical documentation assessment<\/strong> (Annex IX of the<a href=\"https:\/\/eur-lex.europa.eu\/legal-content\/EN\/TXT\/PDF\/?uri=CELEX:32017R0745\"><strong> Medical Device Regulation EU-<\/strong><strong>MDR<\/strong><\/a> , a <strong>type examination<\/strong> (Annex X of the MDR), and a <strong>product conformity assessment<\/strong> (Annex XI) are applied. The conformity assessment procedure is the authorization to place the product on the market with CE marking. The conformity assessment, e.g., the type examination, is carried out by Notified Bodies \/ testing institutes such as <strong><a href=\"https:\/\/www.tuvsud.com\/en\">Technical Inspection Association (T\u00dcV)<\/a><\/strong>.<\/p>\n<p>The <strong>conformity assessment procedures<\/strong> require a certified <a href=\"\/en\/quality-management-system\"><strong>QMS<\/strong><\/a>. The establishment and <strong>maintenance of QMSs<\/strong> were originally based on the<strong> EN ISO 9001<\/strong> standard followed by <a href=\"https:\/\/www.iso.org\/standard\/59752.html\"><strong>EN ISO 13485: 2016 <\/strong><\/a>. With the new European MDR, a QMS is an important tool <strong>for all medical device manufacturers<\/strong> to remain competitive. For <strong>medical devices of all classes<\/strong>, manufacturers must submit the technical documentation of the medical device to a Notified Body.<\/p>\n<p>Once you have submitted and created the Declaration of Conformity, the CE mark can be applied to your product and you can register your medical device. In Germany, <a href=\"https:\/\/www.dimdi.de\/dynamic\/de\/startseite\" target=\"_blank\" rel=\"noopener\"><strong>the German Institute for Medical Documentation and Information (DIMDI)<\/strong><\/a> is responsible fo medical device registration. You next issue the market release and place the product with the CE mark on the market. After the product launch, you are obligated to continually monitor feedbacks and incidents from the market (risk management).<\/p>\n<p>Legislation differs in other countries. Medical device manufacturers in the US, for example, must apply for approval from the <a href=\"https:\/\/www.fda.gov\/\"><strong>Food and Drug Administration (FDA)<\/strong><\/a> when <strong>placing the product on the US market . <\/strong>The most important approval procedure here is <strong>premarket notification<\/strong> in accordance with <a href=\"https:\/\/www.fda.gov\/medical-devices\/premarket-submissions-selecting-and-preparing-correct-submission\/premarket-notification-510k\"><strong>510(k) (FDA)<\/strong><\/a>. Other submission pathways are <a href=\"https:\/\/www.fda.gov\/medical-devices\/premarket-approval-pma\/pma-application-methods\"><strong>Pre Market Approval Applications (PMA)\u00a0<\/strong><\/a>with class III medical devices or <a href=\"https:\/\/www.fda.gov\/medical-devices\/premarket-submissions-selecting-and-preparing-correct-submission\/de-novo-classification-request\"><strong>DeNovo submissions<\/strong><\/a>.<\/p>\n<p>We can help you with everything from file submission and choice of conformity procedure to obtaining CE marking and the FDA approval of your medical device.<\/p>\n<p>Feel free to contact us!<\/p>\n<p>[\/et_pb_text][et_pb_button button_url=&#8221;\/en\/contact&#8221; button_text=&#8221;Make a consultation appointment&#8221; _builder_version=&#8221;4.16&#8243; _module_preset=&#8221;default&#8221; custom_button=&#8221;on&#8221; button_text_size=&#8221;13px&#8221; button_text_color=&#8221;#FFFFFF&#8221; button_bg_color=&#8221;#16918f&#8221; button_border_width=&#8221;4px&#8221; button_border_color=&#8221;#16918f&#8221; button_border_radius=&#8221;0px&#8221; button_font=&#8221;Manrope|||on|||||&#8221; button_icon=&#8221;&#x24;||divi||400&#8243; button_icon_color=&#8221;#FFFFFF&#8221; background_layout=&#8221;dark&#8221; global_colors_info=&#8221;{}&#8221;][\/et_pb_button][\/et_pb_column][\/et_pb_row][\/et_pb_section]<\/p>\n","protected":false},"excerpt":{"rendered":"<p>Conformity assessment &amp; CE marking From the choice of the conformity assessment procedure to CE markingManufacturers in Europe must pass a conformity assessment procedure for the approval\/marking of their product. Depending on the medical device class (1-3), different conformity assessment procedures (quality management system QMS)\u00a0and a technical documentation assessment (Annex IX of the Medical Device [&hellip;]<\/p>\n","protected":false},"author":1,"featured_media":0,"parent":0,"menu_order":0,"comment_status":"closed","ping_status":"closed","template":"","meta":{"_et_pb_use_builder":"on","_et_pb_old_content":"<p>[et_pb_section fb_built=\"1\" fullwidth=\"on\" _builder_version=\"4.10.7\" _module_preset=\"default\" global_colors_info=\"{}\"][et_pb_fullwidth_image src=\"https:\/\/pharma-expertise.com\/wp-content\/uploads\/2021\/10\/top_pharma-medizinprodukte-min.jpg\" alt=\"Pharma & Medizinprodukte\" title_text=\"Medizinprodukte\" _builder_version=\"4.11.4\" _module_preset=\"default\" global_colors_info=\"{}\"][\/et_pb_fullwidth_image][\/et_pb_section][et_pb_section fb_built=\"1\" _builder_version=\"4.10.7\" _module_preset=\"default\" global_colors_info=\"{}\"][et_pb_row _builder_version=\"4.10.7\" custom_margin=\"||0px||false|false\" custom_padding=\"0px||0px||false|false\" locked=\"off\" global_colors_info=\"{}\"][et_pb_column type=\"4_4\" _builder_version=\"3.25\" custom_padding=\"|||\" global_colors_info=\"{}\" custom_padding__hover=\"|||\"][et_pb_text _builder_version=\"4.14.2\" text_font=\"||||||||\" text_line_height=\"2em\" header_font=\"Manrope|600|||||||\" header_text_color=\"#20292f\" header_line_height=\"1.4em\" header_2_font=\"Manrope|500||on|||||\" header_2_text_color=\"#193b7a\" header_2_font_size=\"14px\" header_2_letter_spacing=\"1px\" header_2_line_height=\"1.5em\" header_3_font=\"Manrope|500|||||||\" header_3_font_size=\"20px\" header_3_line_height=\"1.4em\" custom_margin=\"0px||0px||false|false\" hover_enabled=\"0\" header_2_font_size_tablet=\"42px\" header_2_font_size_phone=\"32px\" header_2_font_size_last_edited=\"off|desktop\" header_3_font_size_tablet=\"28px\" header_3_font_size_phone=\"20px\" header_3_font_size_last_edited=\"on|phone\" locked=\"off\" global_colors_info=\"{}\" sticky_enabled=\"0\"]<\/p><h2>Konformit\u00e4tsbewertung & CE-Kennzeichnung<\/h2><h1>Von der Wahl des Konformit\u00e4tsbewertungsverfahrens bis zur CE-Kennzeichnung<\/h1><p>[\/et_pb_text][et_pb_text _builder_version=\"4.14.2\" _module_preset=\"default\" text_font=\"Manrope||||||||\" header_font=\"Manrope|600|||||||\" custom_margin=\"0px||||false|false\" hover_enabled=\"0\" global_colors_info=\"{}\" sticky_enabled=\"0\"]<\/p><p>Die Hersteller in Europa m\u00fcssen f\u00fcr die Zulassung\/Kennzeichnung ihres Produktes\u00a0ein <strong>Konformit\u00e4tsbewertungsverfahren<\/strong>\u00a0bestehen. Abh\u00e4ngig von der Medizinprodukte-Klasse werden unterschiedliche <strong>Konformit\u00e4tsbewertungsverfahren<\/strong> (<strong>Qualit\u00e4tsmanagementsystem<\/strong>\u00a0(QMS) und eine\u00a0<strong>Bewertung der technischen Dokumentation<\/strong> (Anhang IX der Medical Device Regulation (MDR)), eine <strong>Baumusterpr\u00fcfung<\/strong> (Anhang X der MDR) sowie eine <strong>Produktkonformit\u00e4tspr\u00fcfung<\/strong> (Anhang XI) angewendet. Das Konformit\u00e4tsbewertungsverfahren ist die Berechtigung, das Produkt mit CE-Kennzeichnung in den Verkehr zu bringen. Die Konformit\u00e4tspr\u00fcfung, z. B. die Baumusterpr\u00fcfung, wird durch Benannte Stellen \/ Pr\u00fcfinstitute wie den T\u00dcV durchgef\u00fchrt.<\/p><p>Die <strong>Konformit\u00e4tsbewertungsverfahren <\/strong>setzen zertifizierte <a title=\"Qualit\u00e4tsmanagement Medizinprodukte\" href=\"\/medizinprodukte-qualitaetsmanagementsystem\" target=\"_blank\" rel=\"noopener\"><strong>QMS<\/strong><\/a> voraus. Die <strong>Errichtung und Aufrechterhaltung<\/strong> von <strong>QMS<\/strong>\u00a0beruhte urspr\u00fcnglich auf der <strong>Norm EN ISO 9001; sp\u00e4ter<\/strong>\u00a0folgte\u00a0<strong>EN ISO 13485<\/strong>. Mit der neuen <strong>europ\u00e4ischen MDR<\/strong>\u00a0ist ein <strong>QMS<\/strong>\u00a0f\u00fcr alle Medizinprodukte-Hersteller ein wichtiges Hilfsmittel, um wettbewerbsf\u00e4hig zu bleiben. F\u00fcr <strong>Medizinprodukte aller Klassen<\/strong> m\u00fcssen die Hersteller die<strong>\u00a0<\/strong><strong>technische Dokumentation des Medizinproduktes<\/strong> bei einer <strong>Benannten Stelle<\/strong> einreichen.<\/p><p><strong>Wenn Sie die Konformit\u00e4tserkl\u00e4rung<\/strong>\u00a0abgegeben und erstellt haben, dann kann das <strong>CE-Zeichen<\/strong> <strong>auf Ihrem Produkt aufgebracht<\/strong> werden. Zeitgleich <strong>registrieren Sie Ihr Medizinprodukt. <\/strong>In Deutschland ist das <a title=\"DIMDI\" href=\"https:\/\/www.dimdi.de\/dynamic\/de\/startseite\" target=\"_blank\" rel=\"noopener\"><strong>Deutsche Institut f\u00fcr Medizinische Dokumentation und Information (DIMDI<\/strong><\/a>) zust\u00e4ndig. Dann erteilen Sie die <strong>Marktfreigabe<\/strong> und bringen das <strong>Produkt mit dem CE-Zeichen in Verkehr<\/strong>. Nach der Produkteinf\u00fchrung sind Sie verpflichtet, kontinuierlich zu \u00fcberpr\u00fcfen, ob es R\u00fcckmeldungen\/Zwischenf\u00e4lle aus dem Markt gibt (Risikomanagement).<\/p><p>In anderen L\u00e4ndern unterscheidet sich die Gesetzgebung. Medizinprodukte-Hersteller m\u00fcssen beispielsweise beim <strong>Inverkehrbringen in den USA<\/strong> die <strong>Zulassung bei einer dortigen staatlichen Stelle beantragen<\/strong>. Das wichtigste Zulassungsverfahren ist hier die<strong>\u00a0<\/strong><strong>Premarket Notification gem\u00e4\u00df 510(k)<\/strong>.<\/p><p><strong>Wir helfen Ihnen von der technischen Dokumentation \u00fcber die Wahl des Konformit\u00e4tsverfahren bis zum Erhalt der CE-Kennzeichnung.<\/strong> <strong>Sprechen Sie uns gerne an!<\/strong><\/p><p>[\/et_pb_text][et_pb_button button_url=\"\/kontakt\" button_text=\"Beratungstermin vereinbaren\" _builder_version=\"4.13.0\" _module_preset=\"default\" custom_button=\"on\" button_text_size=\"13px\" button_text_color=\"#FFFFFF\" button_bg_color=\"#16918f\" button_border_width=\"4px\" button_border_color=\"#16918f\" button_border_radius=\"0px\" button_font=\"Manrope|||on|||||\" button_icon=\"$||divi||400\" button_icon_color=\"#FFFFFF\" background_layout=\"dark\" global_colors_info=\"{}\"][\/et_pb_button][\/et_pb_column][\/et_pb_row][\/et_pb_section]<\/p>","_et_gb_content_width":"","inline_featured_image":false,"footnotes":""},"class_list":["post-3376","page","type-page","status-publish","hentry"],"yoast_head":"<!-- This site is optimized with the Yoast SEO plugin v27.5 - https:\/\/yoast.com\/product\/yoast-seo-wordpress\/ -->\n<title>Medical devices registration Europe\u00bb EU MDR 2017, CE-mark<\/title>\n<meta name=\"description\" content=\"PEC Medical Device Services: EU MDR 2017 \u2714 CE mark \u2714 CE-certificate \u2714 type examination \u2714 T\u00dcV \u2714 notified body \u2714 IVDR \u2714 ISO13485 \u27a8 contact.\" \/>\n<meta name=\"robots\" content=\"index, follow, max-snippet:-1, max-image-preview:large, max-video-preview:-1\" \/>\n<link rel=\"canonical\" href=\"https:\/\/pharma-expertise.com\/en\/medical-devices-ce-marking-conformity-assessment\/\" \/>\n<meta property=\"og:locale\" content=\"en_US\" \/>\n<meta property=\"og:type\" content=\"article\" \/>\n<meta property=\"og:title\" content=\"Medical devices registration Europe\u00bb EU MDR 2017, CE-mark\" \/>\n<meta property=\"og:description\" content=\"PEC Medical Device Services: EU MDR 2017 \u2714 CE mark \u2714 CE-certificate \u2714 type examination \u2714 T\u00dcV \u2714 notified body \u2714 IVDR \u2714 ISO13485 \u27a8 contact.\" \/>\n<meta property=\"og:url\" content=\"https:\/\/pharma-expertise.com\/en\/medical-devices-ce-marking-conformity-assessment\/\" \/>\n<meta property=\"og:site_name\" content=\"Pharma Expertise Consulting\" \/>\n<meta property=\"article:modified_time\" content=\"2022-11-04T17:32:08+00:00\" \/>\n<meta name=\"twitter:card\" content=\"summary_large_image\" \/>\n<meta name=\"twitter:label1\" content=\"Est. reading time\" \/>\n\t<meta name=\"twitter:data1\" content=\"3 minutes\" \/>\n<script type=\"application\/ld+json\" class=\"yoast-schema-graph\">{\"@context\":\"https:\\\/\\\/schema.org\",\"@graph\":[{\"@type\":\"WebPage\",\"@id\":\"https:\\\/\\\/pharma-expertise.com\\\/en\\\/medical-devices-ce-marking-conformity-assessment\\\/\",\"url\":\"https:\\\/\\\/pharma-expertise.com\\\/en\\\/medical-devices-ce-marking-conformity-assessment\\\/\",\"name\":\"Medical devices registration Europe\u00bb EU MDR 2017, CE-mark\",\"isPartOf\":{\"@id\":\"https:\\\/\\\/pharma-expertise.com\\\/#website\"},\"datePublished\":\"2022-02-24T12:40:21+00:00\",\"dateModified\":\"2022-11-04T17:32:08+00:00\",\"description\":\"PEC Medical Device Services: EU MDR 2017 \u2714 CE mark \u2714 CE-certificate \u2714 type examination \u2714 T\u00dcV \u2714 notified body \u2714 IVDR \u2714 ISO13485 \u27a8 contact.\",\"breadcrumb\":{\"@id\":\"https:\\\/\\\/pharma-expertise.com\\\/en\\\/medical-devices-ce-marking-conformity-assessment\\\/#breadcrumb\"},\"inLanguage\":\"en-US\",\"potentialAction\":[{\"@type\":\"ReadAction\",\"target\":[\"https:\\\/\\\/pharma-expertise.com\\\/en\\\/medical-devices-ce-marking-conformity-assessment\\\/\"]}]},{\"@type\":\"BreadcrumbList\",\"@id\":\"https:\\\/\\\/pharma-expertise.com\\\/en\\\/medical-devices-ce-marking-conformity-assessment\\\/#breadcrumb\",\"itemListElement\":[{\"@type\":\"ListItem\",\"position\":1,\"name\":\"Startseite\",\"item\":\"https:\\\/\\\/pharma-expertise.com\\\/en\\\/\"},{\"@type\":\"ListItem\",\"position\":2,\"name\":\"CE Marking &#038; Conformity Assessment\"}]},{\"@type\":\"WebSite\",\"@id\":\"https:\\\/\\\/pharma-expertise.com\\\/#website\",\"url\":\"https:\\\/\\\/pharma-expertise.com\\\/\",\"name\":\"Pharma Expertise Consulting\",\"description\":\"Your expert in pharma solutions\",\"potentialAction\":[{\"@type\":\"SearchAction\",\"target\":{\"@type\":\"EntryPoint\",\"urlTemplate\":\"https:\\\/\\\/pharma-expertise.com\\\/?s={search_term_string}\"},\"query-input\":{\"@type\":\"PropertyValueSpecification\",\"valueRequired\":true,\"valueName\":\"search_term_string\"}}],\"inLanguage\":\"en-US\"}]}<\/script>\n<!-- \/ Yoast SEO plugin. -->","yoast_head_json":{"title":"Medical devices registration Europe\u00bb EU MDR 2017, CE-mark","description":"PEC Medical Device Services: EU MDR 2017 \u2714 CE mark \u2714 CE-certificate \u2714 type examination \u2714 T\u00dcV \u2714 notified body \u2714 IVDR \u2714 ISO13485 \u27a8 contact.","robots":{"index":"index","follow":"follow","max-snippet":"max-snippet:-1","max-image-preview":"max-image-preview:large","max-video-preview":"max-video-preview:-1"},"canonical":"https:\/\/pharma-expertise.com\/en\/medical-devices-ce-marking-conformity-assessment\/","og_locale":"en_US","og_type":"article","og_title":"Medical devices registration Europe\u00bb EU MDR 2017, CE-mark","og_description":"PEC Medical Device Services: EU MDR 2017 \u2714 CE mark \u2714 CE-certificate \u2714 type examination \u2714 T\u00dcV \u2714 notified body \u2714 IVDR \u2714 ISO13485 \u27a8 contact.","og_url":"https:\/\/pharma-expertise.com\/en\/medical-devices-ce-marking-conformity-assessment\/","og_site_name":"Pharma Expertise Consulting","article_modified_time":"2022-11-04T17:32:08+00:00","twitter_card":"summary_large_image","twitter_misc":{"Est. reading time":"3 minutes"},"schema":{"@context":"https:\/\/schema.org","@graph":[{"@type":"WebPage","@id":"https:\/\/pharma-expertise.com\/en\/medical-devices-ce-marking-conformity-assessment\/","url":"https:\/\/pharma-expertise.com\/en\/medical-devices-ce-marking-conformity-assessment\/","name":"Medical devices registration Europe\u00bb EU MDR 2017, CE-mark","isPartOf":{"@id":"https:\/\/pharma-expertise.com\/#website"},"datePublished":"2022-02-24T12:40:21+00:00","dateModified":"2022-11-04T17:32:08+00:00","description":"PEC Medical Device Services: EU MDR 2017 \u2714 CE mark \u2714 CE-certificate \u2714 type examination \u2714 T\u00dcV \u2714 notified body \u2714 IVDR \u2714 ISO13485 \u27a8 contact.","breadcrumb":{"@id":"https:\/\/pharma-expertise.com\/en\/medical-devices-ce-marking-conformity-assessment\/#breadcrumb"},"inLanguage":"en-US","potentialAction":[{"@type":"ReadAction","target":["https:\/\/pharma-expertise.com\/en\/medical-devices-ce-marking-conformity-assessment\/"]}]},{"@type":"BreadcrumbList","@id":"https:\/\/pharma-expertise.com\/en\/medical-devices-ce-marking-conformity-assessment\/#breadcrumb","itemListElement":[{"@type":"ListItem","position":1,"name":"Startseite","item":"https:\/\/pharma-expertise.com\/en\/"},{"@type":"ListItem","position":2,"name":"CE Marking &#038; Conformity Assessment"}]},{"@type":"WebSite","@id":"https:\/\/pharma-expertise.com\/#website","url":"https:\/\/pharma-expertise.com\/","name":"Pharma Expertise Consulting","description":"Your expert in pharma solutions","potentialAction":[{"@type":"SearchAction","target":{"@type":"EntryPoint","urlTemplate":"https:\/\/pharma-expertise.com\/?s={search_term_string}"},"query-input":{"@type":"PropertyValueSpecification","valueRequired":true,"valueName":"search_term_string"}}],"inLanguage":"en-US"}]}},"_links":{"self":[{"href":"https:\/\/pharma-expertise.com\/en\/wp-json\/wp\/v2\/pages\/3376","targetHints":{"allow":["GET"]}}],"collection":[{"href":"https:\/\/pharma-expertise.com\/en\/wp-json\/wp\/v2\/pages"}],"about":[{"href":"https:\/\/pharma-expertise.com\/en\/wp-json\/wp\/v2\/types\/page"}],"author":[{"embeddable":true,"href":"https:\/\/pharma-expertise.com\/en\/wp-json\/wp\/v2\/users\/1"}],"replies":[{"embeddable":true,"href":"https:\/\/pharma-expertise.com\/en\/wp-json\/wp\/v2\/comments?post=3376"}],"version-history":[{"count":15,"href":"https:\/\/pharma-expertise.com\/en\/wp-json\/wp\/v2\/pages\/3376\/revisions"}],"predecessor-version":[{"id":4027,"href":"https:\/\/pharma-expertise.com\/en\/wp-json\/wp\/v2\/pages\/3376\/revisions\/4027"}],"wp:attachment":[{"href":"https:\/\/pharma-expertise.com\/en\/wp-json\/wp\/v2\/media?parent=3376"}],"curies":[{"name":"wp","href":"https:\/\/api.w.org\/{rel}","templated":true}]}}